{"id":65,"date":"2026-01-16T15:38:37","date_gmt":"2026-01-16T18:38:37","guid":{"rendered":"https:\/\/institutoeducarparaincluir.com.br\/?page_id=65"},"modified":"2026-01-16T15:38:38","modified_gmt":"2026-01-16T18:38:38","slug":"contatos","status":"publish","type":"page","link":"https:\/\/institutoeducarparaincluir.com.br\/?page_id=65","title":{"rendered":"Contatos"},"content":{"rendered":"\n<div class=\"wp-block-group has-global-padding is-layout-constrained wp-block-group-is-layout-constrained\">\n<p>Rua Loris Cordovil n\u00ba 951, Alvorada Manaus\/AM<br>institutoeducarparaincluir.com.br<br>atendimento@institutoeducarparaincluir<br>(92) 98638-2606<\/p>\n<\/div>\n\n\n\n<p>O Instituto Educar para Incluir atua com responsabilidade, \u00e9tica e compromisso com a transpar\u00eancia. Nossas a\u00e7\u00f5es seguem princ\u00edpios legais e sociais, buscando sempre o melhor impacto para a comunidade atendida.<\/p>\n\n\n\n<p>Acesse nossas redes sociais:<\/p>\n\n\n\n<p><a href=\"https:\/\/www.instagram.com\/institutoeducarparaincluir?igsh=MWFka21yeDhycXJwbg==\">@institutoeducarparaincluir<\/a><\/p>\n","protected":false},"excerpt":{"rendered":"<p>Rua Loris Cordovil n\u00ba 951, Alvorada Manaus\/AMinstitutoeducarparaincluir.com.bratendimento@institutoeducarparaincluir(92) 98638-2606 O Instituto Educar para Incluir atua com responsabilidade, \u00e9tica e compromisso com a transpar\u00eancia. Nossas a\u00e7\u00f5es seguem princ\u00edpios legais e sociais, buscando sempre o melhor impacto para a comunidade atendida. Acesse nossas redes sociais: @institutoeducarparaincluir<\/p>\n","protected":false},"author":1,"featured_media":0,"parent":0,"menu_order":0,"comment_status":"closed","ping_status":"closed","template":"","meta":{"footnotes":""},"class_list":["post-65","page","type-page","status-publish","hentry"],"yoast_head":"<!-- This site is optimized with the Yoast SEO plugin v27.3 - https:\/\/yoast.com\/product\/yoast-seo-wordpress\/ -->\n<title>Contatos - IEPI<\/title>\n<meta name=\"robots\" content=\"index, follow, max-snippet:-1, max-image-preview:large, max-video-preview:-1\" \/>\n<link rel=\"canonical\" href=\"https:\/\/institutoeducarparaincluir.com.br\/?page_id=65\" \/>\n<meta property=\"og:locale\" content=\"en_US\" \/>\n<meta property=\"og:type\" content=\"article\" \/>\n<meta property=\"og:title\" content=\"Contatos - IEPI\" \/>\n<meta property=\"og:description\" content=\"Rua Loris Cordovil n\u00ba 951, Alvorada Manaus\/AMinstitutoeducarparaincluir.com.bratendimento@institutoeducarparaincluir(92) 98638-2606 O Instituto Educar para Incluir atua com responsabilidade, \u00e9tica e compromisso com a transpar\u00eancia. Nossas a\u00e7\u00f5es seguem princ\u00edpios legais e sociais, buscando sempre o melhor impacto para a comunidade atendida. Acesse nossas redes sociais: @institutoeducarparaincluir\" \/>\n<meta property=\"og:url\" content=\"https:\/\/institutoeducarparaincluir.com.br\/?page_id=65\" \/>\n<meta property=\"og:site_name\" content=\"IEPI\" \/>\n<meta property=\"article:modified_time\" content=\"2026-01-16T18:38:38+00:00\" \/>\n<meta name=\"twitter:card\" content=\"summary_large_image\" \/>\n<meta name=\"twitter:label1\" content=\"Est. reading time\" \/>\n\t<meta name=\"twitter:data1\" content=\"1 minute\" \/>\n<script type=\"application\/ld+json\" class=\"yoast-schema-graph\">{\"@context\":\"https:\\\/\\\/schema.org\",\"@graph\":[{\"@type\":\"WebPage\",\"@id\":\"https:\\\/\\\/institutoeducarparaincluir.com.br\\\/?page_id=65\",\"url\":\"https:\\\/\\\/institutoeducarparaincluir.com.br\\\/?page_id=65\",\"name\":\"Contatos - IEPI\",\"isPartOf\":{\"@id\":\"http:\\\/\\\/institutoeducarparaincluir.com.br\\\/#website\"},\"datePublished\":\"2026-01-16T18:38:37+00:00\",\"dateModified\":\"2026-01-16T18:38:38+00:00\",\"breadcrumb\":{\"@id\":\"https:\\\/\\\/institutoeducarparaincluir.com.br\\\/?page_id=65#breadcrumb\"},\"inLanguage\":\"en-US\",\"potentialAction\":[{\"@type\":\"ReadAction\",\"target\":[\"https:\\\/\\\/institutoeducarparaincluir.com.br\\\/?page_id=65\"]}]},{\"@type\":\"BreadcrumbList\",\"@id\":\"https:\\\/\\\/institutoeducarparaincluir.com.br\\\/?page_id=65#breadcrumb\",\"itemListElement\":[{\"@type\":\"ListItem\",\"position\":1,\"name\":\"Home\",\"item\":\"http:\\\/\\\/institutoeducarparaincluir.com.br\\\/\"},{\"@type\":\"ListItem\",\"position\":2,\"name\":\"Contatos\"}]},{\"@type\":\"WebSite\",\"@id\":\"http:\\\/\\\/institutoeducarparaincluir.com.br\\\/#website\",\"url\":\"http:\\\/\\\/institutoeducarparaincluir.com.br\\\/\",\"name\":\"IEPI\",\"description\":\"\",\"publisher\":{\"@id\":\"http:\\\/\\\/institutoeducarparaincluir.com.br\\\/#organization\"},\"potentialAction\":[{\"@type\":\"SearchAction\",\"target\":{\"@type\":\"EntryPoint\",\"urlTemplate\":\"http:\\\/\\\/institutoeducarparaincluir.com.br\\\/?s={search_term_string}\"},\"query-input\":{\"@type\":\"PropertyValueSpecification\",\"valueRequired\":true,\"valueName\":\"search_term_string\"}}],\"inLanguage\":\"en-US\"},{\"@type\":\"Organization\",\"@id\":\"http:\\\/\\\/institutoeducarparaincluir.com.br\\\/#organization\",\"name\":\"IEPI\",\"url\":\"http:\\\/\\\/institutoeducarparaincluir.com.br\\\/\",\"logo\":{\"@type\":\"ImageObject\",\"inLanguage\":\"en-US\",\"@id\":\"http:\\\/\\\/institutoeducarparaincluir.com.br\\\/#\\\/schema\\\/logo\\\/image\\\/\",\"url\":\"https:\\\/\\\/institutoeducarparaincluir.com.br\\\/wp-content\\\/uploads\\\/2026\\\/01\\\/R-5.png\",\"contentUrl\":\"https:\\\/\\\/institutoeducarparaincluir.com.br\\\/wp-content\\\/uploads\\\/2026\\\/01\\\/R-5.png\",\"width\":500,\"height\":500,\"caption\":\"IEPI\"},\"image\":{\"@id\":\"http:\\\/\\\/institutoeducarparaincluir.com.br\\\/#\\\/schema\\\/logo\\\/image\\\/\"}}]}<\/script>\n<!-- \/ Yoast SEO plugin. -->","yoast_head_json":{"title":"Contatos - IEPI","robots":{"index":"index","follow":"follow","max-snippet":"max-snippet:-1","max-image-preview":"max-image-preview:large","max-video-preview":"max-video-preview:-1"},"canonical":"https:\/\/institutoeducarparaincluir.com.br\/?page_id=65","og_locale":"en_US","og_type":"article","og_title":"Contatos - IEPI","og_description":"Rua Loris Cordovil n\u00ba 951, Alvorada Manaus\/AMinstitutoeducarparaincluir.com.bratendimento@institutoeducarparaincluir(92) 98638-2606 O Instituto Educar para Incluir atua com responsabilidade, \u00e9tica e compromisso com a transpar\u00eancia. Nossas a\u00e7\u00f5es seguem princ\u00edpios legais e sociais, buscando sempre o melhor impacto para a comunidade atendida. Acesse nossas redes sociais: @institutoeducarparaincluir","og_url":"https:\/\/institutoeducarparaincluir.com.br\/?page_id=65","og_site_name":"IEPI","article_modified_time":"2026-01-16T18:38:38+00:00","twitter_card":"summary_large_image","twitter_misc":{"Est. reading time":"1 minute"},"schema":{"@context":"https:\/\/schema.org","@graph":[{"@type":"WebPage","@id":"https:\/\/institutoeducarparaincluir.com.br\/?page_id=65","url":"https:\/\/institutoeducarparaincluir.com.br\/?page_id=65","name":"Contatos - IEPI","isPartOf":{"@id":"http:\/\/institutoeducarparaincluir.com.br\/#website"},"datePublished":"2026-01-16T18:38:37+00:00","dateModified":"2026-01-16T18:38:38+00:00","breadcrumb":{"@id":"https:\/\/institutoeducarparaincluir.com.br\/?page_id=65#breadcrumb"},"inLanguage":"en-US","potentialAction":[{"@type":"ReadAction","target":["https:\/\/institutoeducarparaincluir.com.br\/?page_id=65"]}]},{"@type":"BreadcrumbList","@id":"https:\/\/institutoeducarparaincluir.com.br\/?page_id=65#breadcrumb","itemListElement":[{"@type":"ListItem","position":1,"name":"Home","item":"http:\/\/institutoeducarparaincluir.com.br\/"},{"@type":"ListItem","position":2,"name":"Contatos"}]},{"@type":"WebSite","@id":"http:\/\/institutoeducarparaincluir.com.br\/#website","url":"http:\/\/institutoeducarparaincluir.com.br\/","name":"IEPI","description":"","publisher":{"@id":"http:\/\/institutoeducarparaincluir.com.br\/#organization"},"potentialAction":[{"@type":"SearchAction","target":{"@type":"EntryPoint","urlTemplate":"http:\/\/institutoeducarparaincluir.com.br\/?s={search_term_string}"},"query-input":{"@type":"PropertyValueSpecification","valueRequired":true,"valueName":"search_term_string"}}],"inLanguage":"en-US"},{"@type":"Organization","@id":"http:\/\/institutoeducarparaincluir.com.br\/#organization","name":"IEPI","url":"http:\/\/institutoeducarparaincluir.com.br\/","logo":{"@type":"ImageObject","inLanguage":"en-US","@id":"http:\/\/institutoeducarparaincluir.com.br\/#\/schema\/logo\/image\/","url":"https:\/\/institutoeducarparaincluir.com.br\/wp-content\/uploads\/2026\/01\/R-5.png","contentUrl":"https:\/\/institutoeducarparaincluir.com.br\/wp-content\/uploads\/2026\/01\/R-5.png","width":500,"height":500,"caption":"IEPI"},"image":{"@id":"http:\/\/institutoeducarparaincluir.com.br\/#\/schema\/logo\/image\/"}}]}},"_links":{"self":[{"href":"https:\/\/institutoeducarparaincluir.com.br\/index.php?rest_route=\/wp\/v2\/pages\/65","targetHints":{"allow":["GET"]}}],"collection":[{"href":"https:\/\/institutoeducarparaincluir.com.br\/index.php?rest_route=\/wp\/v2\/pages"}],"about":[{"href":"https:\/\/institutoeducarparaincluir.com.br\/index.php?rest_route=\/wp\/v2\/types\/page"}],"author":[{"embeddable":true,"href":"https:\/\/institutoeducarparaincluir.com.br\/index.php?rest_route=\/wp\/v2\/users\/1"}],"replies":[{"embeddable":true,"href":"https:\/\/institutoeducarparaincluir.com.br\/index.php?rest_route=%2Fwp%2Fv2%2Fcomments&post=65"}],"version-history":[{"count":1,"href":"https:\/\/institutoeducarparaincluir.com.br\/index.php?rest_route=\/wp\/v2\/pages\/65\/revisions"}],"predecessor-version":[{"id":66,"href":"https:\/\/institutoeducarparaincluir.com.br\/index.php?rest_route=\/wp\/v2\/pages\/65\/revisions\/66"}],"wp:attachment":[{"href":"https:\/\/institutoeducarparaincluir.com.br\/index.php?rest_route=%2Fwp%2Fv2%2Fmedia&parent=65"}],"curies":[{"name":"wp","href":"https:\/\/api.w.org\/{rel}","templated":true}]}}