{"id":2,"date":"2026-01-09T17:09:37","date_gmt":"2026-01-09T20:09:37","guid":{"rendered":"http:\/\/institutoeducarparaincluir.com.br\/?page_id=2"},"modified":"2026-01-16T15:34:20","modified_gmt":"2026-01-16T18:34:20","slug":"pagina-exemplo","status":"publish","type":"page","link":"https:\/\/institutoeducarparaincluir.com.br\/?page_id=2","title":{"rendered":"Quem somos?"},"content":{"rendered":"\n<blockquote class=\"wp-block-quote is-layout-flow wp-block-quote-is-layout-flow\">\n<p>Somos uma iniciativa comprometida com a transforma\u00e7\u00e3o social por meio da educa\u00e7\u00e3o inclusiva, acess\u00edvel e de qualidade. Acreditamos que aprender \u00e9 um direito de todos e que cada pessoa possui uma forma \u00fanica de desenvolver seu potencial.<\/p>\n\n\n\n<p>Atuamos no desenvolvimento de projetos educacionais inovadores, como salas de aula em cont\u00eaineres, que unem sustentabilidade, tecnologia e conforto para levar o ensino a diferentes territ\u00f3rios, comunidades e realidades. Nossos espa\u00e7os s\u00e3o pensados para acolher a diversidade, respeitando as individualidades e promovendo um ambiente seguro, organizado e estimulante para o aprendizado.<\/p>\n\n\n\n<p>Nossa miss\u00e3o \u00e9 reduzir desigualdades, ampliar oportunidades e fortalecer a inclus\u00e3o de crian\u00e7as, jovens e adultos, com aten\u00e7\u00e3o especial \u00e0 neurodiversidade, \u00e0s popula\u00e7\u00f5es em situa\u00e7\u00e3o de vulnerabilidade social e \u00e0s comunidades que historicamente enfrentam barreiras de acesso \u00e0 educa\u00e7\u00e3o.<\/p>\n\n\n\n<p>Trabalhamos com responsabilidade social, \u00e9tica e compromisso, acreditando que a educa\u00e7\u00e3o transforma realidades, constr\u00f3i autonomia e gera impacto positivo duradouro. Mais do que ensinar, buscamos inspirar, incluir e criar caminhos para um futuro mais justo e humano.<\/p>\n\n\n\n<p><\/p>\n\n\n\n<p>Promovendo educa\u00e7\u00e3o inclusiva, acess\u00edvel e de qualidade, por meio de projetos inovadores e sustent\u00e1veis, garantindo ambientes de aprendizagem que respeitem a diversidade, valorizem as individualidades e ampliem oportunidades para todos.<\/p>\n<\/blockquote>\n\n\n\n<p><\/p>\n","protected":false},"excerpt":{"rendered":"<p>Somos uma iniciativa comprometida com a transforma\u00e7\u00e3o social por meio da educa\u00e7\u00e3o inclusiva, acess\u00edvel e de qualidade. Acreditamos que aprender \u00e9 um direito de todos e que cada pessoa possui uma forma \u00fanica de desenvolver seu potencial. Atuamos no desenvolvimento de projetos educacionais inovadores, como salas de aula em cont\u00eaineres, que unem sustentabilidade, tecnologia e [&hellip;]<\/p>\n","protected":false},"author":1,"featured_media":0,"parent":0,"menu_order":0,"comment_status":"closed","ping_status":"open","template":"","meta":{"footnotes":""},"class_list":["post-2","page","type-page","status-publish","hentry"],"yoast_head":"<!-- This site is optimized with the Yoast SEO plugin v27.3 - https:\/\/yoast.com\/product\/yoast-seo-wordpress\/ -->\n<title>Quem somos? - IEPI<\/title>\n<meta name=\"description\" content=\"instituto educar para incluir\" \/>\n<meta name=\"robots\" content=\"index, follow, max-snippet:-1, max-image-preview:large, max-video-preview:-1\" \/>\n<link rel=\"canonical\" href=\"https:\/\/institutoeducarparaincluir.com.br\/?page_id=2\" \/>\n<meta property=\"og:locale\" content=\"en_US\" \/>\n<meta property=\"og:type\" content=\"article\" \/>\n<meta property=\"og:title\" content=\"Quem somos? - IEPI\" \/>\n<meta property=\"og:description\" content=\"instituto educar para incluir\" \/>\n<meta property=\"og:url\" content=\"https:\/\/institutoeducarparaincluir.com.br\/?page_id=2\" \/>\n<meta property=\"og:site_name\" content=\"IEPI\" \/>\n<meta property=\"article:modified_time\" content=\"2026-01-16T18:34:20+00:00\" \/>\n<meta name=\"twitter:card\" content=\"summary_large_image\" \/>\n<script type=\"application\/ld+json\" class=\"yoast-schema-graph\">{\"@context\":\"https:\\\/\\\/schema.org\",\"@graph\":[{\"@type\":\"WebPage\",\"@id\":\"https:\\\/\\\/institutoeducarparaincluir.com.br\\\/?page_id=2\",\"url\":\"https:\\\/\\\/institutoeducarparaincluir.com.br\\\/?page_id=2\",\"name\":\"Quem somos? - IEPI\",\"isPartOf\":{\"@id\":\"http:\\\/\\\/institutoeducarparaincluir.com.br\\\/#website\"},\"datePublished\":\"2026-01-09T20:09:37+00:00\",\"dateModified\":\"2026-01-16T18:34:20+00:00\",\"description\":\"instituto educar para incluir\",\"breadcrumb\":{\"@id\":\"https:\\\/\\\/institutoeducarparaincluir.com.br\\\/?page_id=2#breadcrumb\"},\"inLanguage\":\"en-US\",\"potentialAction\":[{\"@type\":\"ReadAction\",\"target\":[\"https:\\\/\\\/institutoeducarparaincluir.com.br\\\/?page_id=2\"]}]},{\"@type\":\"BreadcrumbList\",\"@id\":\"https:\\\/\\\/institutoeducarparaincluir.com.br\\\/?page_id=2#breadcrumb\",\"itemListElement\":[{\"@type\":\"ListItem\",\"position\":1,\"name\":\"Home\",\"item\":\"http:\\\/\\\/institutoeducarparaincluir.com.br\\\/\"},{\"@type\":\"ListItem\",\"position\":2,\"name\":\"Quem somos?\"}]},{\"@type\":\"WebSite\",\"@id\":\"http:\\\/\\\/institutoeducarparaincluir.com.br\\\/#website\",\"url\":\"http:\\\/\\\/institutoeducarparaincluir.com.br\\\/\",\"name\":\"IEPI\",\"description\":\"\",\"publisher\":{\"@id\":\"http:\\\/\\\/institutoeducarparaincluir.com.br\\\/#organization\"},\"potentialAction\":[{\"@type\":\"SearchAction\",\"target\":{\"@type\":\"EntryPoint\",\"urlTemplate\":\"http:\\\/\\\/institutoeducarparaincluir.com.br\\\/?s={search_term_string}\"},\"query-input\":{\"@type\":\"PropertyValueSpecification\",\"valueRequired\":true,\"valueName\":\"search_term_string\"}}],\"inLanguage\":\"en-US\"},{\"@type\":\"Organization\",\"@id\":\"http:\\\/\\\/institutoeducarparaincluir.com.br\\\/#organization\",\"name\":\"IEPI\",\"url\":\"http:\\\/\\\/institutoeducarparaincluir.com.br\\\/\",\"logo\":{\"@type\":\"ImageObject\",\"inLanguage\":\"en-US\",\"@id\":\"http:\\\/\\\/institutoeducarparaincluir.com.br\\\/#\\\/schema\\\/logo\\\/image\\\/\",\"url\":\"https:\\\/\\\/institutoeducarparaincluir.com.br\\\/wp-content\\\/uploads\\\/2026\\\/01\\\/R-5.png\",\"contentUrl\":\"https:\\\/\\\/institutoeducarparaincluir.com.br\\\/wp-content\\\/uploads\\\/2026\\\/01\\\/R-5.png\",\"width\":500,\"height\":500,\"caption\":\"IEPI\"},\"image\":{\"@id\":\"http:\\\/\\\/institutoeducarparaincluir.com.br\\\/#\\\/schema\\\/logo\\\/image\\\/\"}}]}<\/script>\n<!-- \/ Yoast SEO plugin. -->","yoast_head_json":{"title":"Quem somos? - IEPI","description":"instituto educar para incluir","robots":{"index":"index","follow":"follow","max-snippet":"max-snippet:-1","max-image-preview":"max-image-preview:large","max-video-preview":"max-video-preview:-1"},"canonical":"https:\/\/institutoeducarparaincluir.com.br\/?page_id=2","og_locale":"en_US","og_type":"article","og_title":"Quem somos? - IEPI","og_description":"instituto educar para incluir","og_url":"https:\/\/institutoeducarparaincluir.com.br\/?page_id=2","og_site_name":"IEPI","article_modified_time":"2026-01-16T18:34:20+00:00","twitter_card":"summary_large_image","schema":{"@context":"https:\/\/schema.org","@graph":[{"@type":"WebPage","@id":"https:\/\/institutoeducarparaincluir.com.br\/?page_id=2","url":"https:\/\/institutoeducarparaincluir.com.br\/?page_id=2","name":"Quem somos? - IEPI","isPartOf":{"@id":"http:\/\/institutoeducarparaincluir.com.br\/#website"},"datePublished":"2026-01-09T20:09:37+00:00","dateModified":"2026-01-16T18:34:20+00:00","description":"instituto educar para incluir","breadcrumb":{"@id":"https:\/\/institutoeducarparaincluir.com.br\/?page_id=2#breadcrumb"},"inLanguage":"en-US","potentialAction":[{"@type":"ReadAction","target":["https:\/\/institutoeducarparaincluir.com.br\/?page_id=2"]}]},{"@type":"BreadcrumbList","@id":"https:\/\/institutoeducarparaincluir.com.br\/?page_id=2#breadcrumb","itemListElement":[{"@type":"ListItem","position":1,"name":"Home","item":"http:\/\/institutoeducarparaincluir.com.br\/"},{"@type":"ListItem","position":2,"name":"Quem somos?"}]},{"@type":"WebSite","@id":"http:\/\/institutoeducarparaincluir.com.br\/#website","url":"http:\/\/institutoeducarparaincluir.com.br\/","name":"IEPI","description":"","publisher":{"@id":"http:\/\/institutoeducarparaincluir.com.br\/#organization"},"potentialAction":[{"@type":"SearchAction","target":{"@type":"EntryPoint","urlTemplate":"http:\/\/institutoeducarparaincluir.com.br\/?s={search_term_string}"},"query-input":{"@type":"PropertyValueSpecification","valueRequired":true,"valueName":"search_term_string"}}],"inLanguage":"en-US"},{"@type":"Organization","@id":"http:\/\/institutoeducarparaincluir.com.br\/#organization","name":"IEPI","url":"http:\/\/institutoeducarparaincluir.com.br\/","logo":{"@type":"ImageObject","inLanguage":"en-US","@id":"http:\/\/institutoeducarparaincluir.com.br\/#\/schema\/logo\/image\/","url":"https:\/\/institutoeducarparaincluir.com.br\/wp-content\/uploads\/2026\/01\/R-5.png","contentUrl":"https:\/\/institutoeducarparaincluir.com.br\/wp-content\/uploads\/2026\/01\/R-5.png","width":500,"height":500,"caption":"IEPI"},"image":{"@id":"http:\/\/institutoeducarparaincluir.com.br\/#\/schema\/logo\/image\/"}}]}},"_links":{"self":[{"href":"https:\/\/institutoeducarparaincluir.com.br\/index.php?rest_route=\/wp\/v2\/pages\/2","targetHints":{"allow":["GET"]}}],"collection":[{"href":"https:\/\/institutoeducarparaincluir.com.br\/index.php?rest_route=\/wp\/v2\/pages"}],"about":[{"href":"https:\/\/institutoeducarparaincluir.com.br\/index.php?rest_route=\/wp\/v2\/types\/page"}],"author":[{"embeddable":true,"href":"https:\/\/institutoeducarparaincluir.com.br\/index.php?rest_route=\/wp\/v2\/users\/1"}],"replies":[{"embeddable":true,"href":"https:\/\/institutoeducarparaincluir.com.br\/index.php?rest_route=%2Fwp%2Fv2%2Fcomments&post=2"}],"version-history":[{"count":1,"href":"https:\/\/institutoeducarparaincluir.com.br\/index.php?rest_route=\/wp\/v2\/pages\/2\/revisions"}],"predecessor-version":[{"id":50,"href":"https:\/\/institutoeducarparaincluir.com.br\/index.php?rest_route=\/wp\/v2\/pages\/2\/revisions\/50"}],"wp:attachment":[{"href":"https:\/\/institutoeducarparaincluir.com.br\/index.php?rest_route=%2Fwp%2Fv2%2Fmedia&parent=2"}],"curies":[{"name":"wp","href":"https:\/\/api.w.org\/{rel}","templated":true}]}}